{"id":86,"date":"2020-12-08T17:15:30","date_gmt":"2020-12-08T16:15:30","guid":{"rendered":"http:\/\/lepap.eu\/?page_id=86"},"modified":"2024-12-10T12:34:11","modified_gmt":"2024-12-10T11:34:11","slug":"le-journal","status":"publish","type":"page","link":"https:\/\/lepap.eu\/?page_id=86","title":{"rendered":"Qui sommes nous?"},"content":{"rendered":"\n<p>Le journal lyc\u00e9en \u00ab&nbsp;le Pap\u2019 &nbsp;\u00bb est \u00e9crit par des \u00e9l\u00e8ves du lyc\u00e9e Pape Cl\u00e9ment \u00e0 Pessac, en Gironde. Tout lyc\u00e9en de l&rsquo;\u00e9tablissement (des classes de secondes, aux BTS, en passant par les sections technologiques) peut \u00eatre journaliste.<\/p>\n\n\n\n<p><strong>Graphiste (pour le logo) : Marc-Antoine C<\/strong>.<\/p>\n\n\n\n<p><strong>Responsable de publication : <\/strong>Mme OLLIER et M. MARQUET, professeurs documentalistes<\/p>\n\n\n\n<p><strong>R\u00e9dacteurs en chef :<\/strong> Paul-Antoine BARBE, Yann ROU\u00c9, Alina WALUKIEWICZ<\/p>\n\n\n\n<p><strong>Cr\u00e9dits Photo :<\/strong> club Photo <em>\u2013 Maison des Lyc\u00e9ens Lyc\u00e9e Pape Cl\u00e9ment<\/em><\/p>\n\n\n\n<p><strong>Contact :<\/strong> Le Pap\u2019, journal lyc\u00e9en \u2013 Lyc\u00e9e Pape Cl\u00e9ment 1 rue L\u00e9o Lagrange 33600 Pessac lepap.journal@gmail.com <\/p>\n","protected":false},"excerpt":{"rendered":"<p>Le journal lyc\u00e9en \u00ab&nbsp;le Pap\u2019 &nbsp;\u00bb est \u00e9crit par des \u00e9l\u00e8ves du lyc\u00e9e Pape Cl\u00e9ment \u00e0 Pessac, en Gironde. Tout<\/p>\n","protected":false},"author":1,"featured_media":0,"parent":0,"menu_order":0,"comment_status":"closed","ping_status":"closed","template":"","meta":{"footnotes":""},"class_list":["post-86","page","type-page","status-publish","hentry"],"_links":{"self":[{"href":"https:\/\/lepap.eu\/index.php?rest_route=\/wp\/v2\/pages\/86","targetHints":{"allow":["GET"]}}],"collection":[{"href":"https:\/\/lepap.eu\/index.php?rest_route=\/wp\/v2\/pages"}],"about":[{"href":"https:\/\/lepap.eu\/index.php?rest_route=\/wp\/v2\/types\/page"}],"author":[{"embeddable":true,"href":"https:\/\/lepap.eu\/index.php?rest_route=\/wp\/v2\/users\/1"}],"replies":[{"embeddable":true,"href":"https:\/\/lepap.eu\/index.php?rest_route=%2Fwp%2Fv2%2Fcomments&post=86"}],"version-history":[{"count":9,"href":"https:\/\/lepap.eu\/index.php?rest_route=\/wp\/v2\/pages\/86\/revisions"}],"predecessor-version":[{"id":801,"href":"https:\/\/lepap.eu\/index.php?rest_route=\/wp\/v2\/pages\/86\/revisions\/801"}],"wp:attachment":[{"href":"https:\/\/lepap.eu\/index.php?rest_route=%2Fwp%2Fv2%2Fmedia&parent=86"}],"curies":[{"name":"wp","href":"https:\/\/api.w.org\/{rel}","templated":true}]}}